{"id":72,"date":"2021-01-08T10:31:15","date_gmt":"2021-01-08T10:31:15","guid":{"rendered":"http:\/\/rgi-gmbh.de\/?page_id=72"},"modified":"2022-07-19T10:04:40","modified_gmt":"2022-07-19T08:04:40","slug":"ueber-uns","status":"publish","type":"page","link":"https:\/\/rgi-gmbh.de\/en\/ueber-uns\/","title":{"rendered":"About us"},"content":{"rendered":"<p><\/p>\r\n<p><\/p>\r\n<p><\/p>\r\n<h1>RGI RealGround Wohnungsgesellschaft mbH<\/h1>\r\n<p>&nbsp;<\/p>\r\n<h6><img loading=\"lazy\" decoding=\"async\" class=\"wp-image-1408 alignleft\" src=\"http:\/\/rgi-gmbh.de\/wp-content\/uploads\/2022\/06\/stu\u0308hle_UU-300x300.jpg\" alt=\"\" width=\"432\" height=\"432\" srcset=\"https:\/\/rgi-gmbh.de\/wp-content\/uploads\/2022\/06\/stu\u0308hle_UU-300x300.jpg 300w, https:\/\/rgi-gmbh.de\/wp-content\/uploads\/2022\/06\/stu\u0308hle_UU-1024x1024.jpg 1024w, https:\/\/rgi-gmbh.de\/wp-content\/uploads\/2022\/06\/stu\u0308hle_UU-150x150.jpg 150w, https:\/\/rgi-gmbh.de\/wp-content\/uploads\/2022\/06\/stu\u0308hle_UU-768x768.jpg 768w, https:\/\/rgi-gmbh.de\/wp-content\/uploads\/2022\/06\/stu\u0308hle_UU-12x12.jpg 12w, https:\/\/rgi-gmbh.de\/wp-content\/uploads\/2022\/06\/stu\u0308hle_UU.jpg 1050w\" sizes=\"auto, (max-width: 432px) 100vw, 432px\" \/><\/h6>\r\n<h6>The RGI RealGround Immobilien Group is an experienced and competent partner when it comes to buying, selling and developing real estate projects.<\/h6>\r\n<h6>Our corporate group is headquartered in Berlin-Tiergarten and has many years of experience working self-employed in the real estate sector. The working career of Mr. Cengiz G\u00fcltepe (Banking economist\/expert) began with the foundation of a real estate service company in 2000. Originally, the managing partner comes from the banking sector and has 30 years of experience in the real estate and banking industry.<\/h6>\r\n<h6>The combination of experience from the banking and real estate sector enable us to carry out prompt real estate acquisition audits as well as to ensure smooth purchase processes of real estate transactions.<\/h6>\r\n<h6>We are particularly interested in non-performing real estate objects, the purchase of which also is one of our core competences. In these cases, we try to find individual solutions for the purchase of the corresponding real estate. For that we include the property owner as well as the mortgage lender (especially banks) to our decision making and implement them in our solution approach discreetly.<\/h6>\r\n<p>&nbsp;<\/p>\r\n<p>&nbsp;<\/p>\r\n<p>&nbsp;<\/p>\r\n<h6><img loading=\"lazy\" decoding=\"async\" class=\"wp-image-1411 alignright\" src=\"http:\/\/rgi-gmbh.de\/wp-content\/uploads\/2022\/06\/hausfront-300x300.jpg\" alt=\"\" width=\"468\" height=\"468\" srcset=\"https:\/\/rgi-gmbh.de\/wp-content\/uploads\/2022\/06\/hausfront-300x300.jpg 300w, https:\/\/rgi-gmbh.de\/wp-content\/uploads\/2022\/06\/hausfront-1024x1024.jpg 1024w, https:\/\/rgi-gmbh.de\/wp-content\/uploads\/2022\/06\/hausfront-150x150.jpg 150w, https:\/\/rgi-gmbh.de\/wp-content\/uploads\/2022\/06\/hausfront-768x768.jpg 768w, https:\/\/rgi-gmbh.de\/wp-content\/uploads\/2022\/06\/hausfront-12x12.jpg 12w, https:\/\/rgi-gmbh.de\/wp-content\/uploads\/2022\/06\/hausfront.jpg 1050w\" sizes=\"auto, (max-width: 468px) 100vw, 468px\" \/><\/h6>\r\n<h6>Another core competence is the purchase and implementation of individual condominiums and apartment packages (remainders). Condominiums and apartment packages have been purchased on a regular basis since 2015. We also buy condominiums with problematic tenants. We also bring our experience to the home ownerships and work closely with the WEG administrators. After any problems have been resolved and the condition of the apartment has subsequently been optimized, the respective apartment units are recycled.<\/h6>\r\n<h6>The RGI RealGround Wohnungsgesellschaft mbH is part of the RGI RealGround Immobilien Group.  To expand our own portfolio and for our own project development we are continually looking for properties in Berlin and Brandenburg. This year, we also plan to invest in real estate acquisitions and expand our business activities.<\/h6>\r\n<h6><\/h6>\r\n<h6><\/h6>\r\n<h6>\u00a0<\/h6>\r\n<p><\/p>","protected":false},"excerpt":{"rendered":"<p>RGI RealGround Wohnungsgesellschaft mbH &nbsp; Die RGI RealGround Immobilien Gruppe ist ein erfahrener und kompetenter Partner, wenn es um den Ankauf, Verkauf sowie um die Entwicklung von Immobilienprojekten geht. Unsere Unternehmensgruppe hat ihren Hauptsitz in Berlin-Tiergarten und greift auf langj\u00e4hrige Erfahrung in der selbst\u00e4ndigen T\u00e4tigkeit im Immobiliensektor zur\u00fcck. Im Jahr 2000 begann mit der Gr\u00fcndung&nbsp;&hellip;<\/p>","protected":false},"author":1,"featured_media":0,"parent":0,"menu_order":0,"comment_status":"closed","ping_status":"closed","template":"","meta":{"footnotes":""},"class_list":["post-72","page","type-page","status-publish","hentry"],"_links":{"self":[{"href":"https:\/\/rgi-gmbh.de\/en\/wp-json\/wp\/v2\/pages\/72","targetHints":{"allow":["GET"]}}],"collection":[{"href":"https:\/\/rgi-gmbh.de\/en\/wp-json\/wp\/v2\/pages"}],"about":[{"href":"https:\/\/rgi-gmbh.de\/en\/wp-json\/wp\/v2\/types\/page"}],"author":[{"embeddable":true,"href":"https:\/\/rgi-gmbh.de\/en\/wp-json\/wp\/v2\/users\/1"}],"replies":[{"embeddable":true,"href":"https:\/\/rgi-gmbh.de\/en\/wp-json\/wp\/v2\/comments?post=72"}],"version-history":[{"count":5,"href":"https:\/\/rgi-gmbh.de\/en\/wp-json\/wp\/v2\/pages\/72\/revisions"}],"predecessor-version":[{"id":1416,"href":"https:\/\/rgi-gmbh.de\/en\/wp-json\/wp\/v2\/pages\/72\/revisions\/1416"}],"wp:attachment":[{"href":"https:\/\/rgi-gmbh.de\/en\/wp-json\/wp\/v2\/media?parent=72"}],"curies":[{"name":"wp","href":"https:\/\/api.w.org\/{rel}","templated":true}]}}