{"id":61,"date":"2021-01-08T08:40:48","date_gmt":"2021-01-08T08:40:48","guid":{"rendered":"http:\/\/rgi-gmbh.de\/?page_id=61"},"modified":"2024-08-05T13:56:56","modified_gmt":"2024-08-05T11:56:56","slug":"unternehmensphilosophie","status":"publish","type":"page","link":"https:\/\/rgi-gmbh.de\/en\/unternehmensphilosophie\/","title":{"rendered":"Corporate philosophy"},"content":{"rendered":"<div data-elementor-type=\"wp-page\" data-elementor-id=\"61\" class=\"elementor elementor-61\">\n\t\t\t\t\t\t\t\t\t<section class=\"elementor-section elementor-top-section elementor-element elementor-element-4442987 elementor-section-full_width elementor-section-height-default elementor-section-height-default\" data-id=\"4442987\" data-element_type=\"section\">\n\t\t\t\t\t\t<div class=\"elementor-container elementor-column-gap-default\">\n\t\t\t\t\t<div class=\"elementor-column elementor-col-100 elementor-top-column elementor-element elementor-element-21bedf8\" data-id=\"21bedf8\" data-element_type=\"column\">\n\t\t\t<div class=\"elementor-widget-wrap elementor-element-populated\">\n\t\t\t\t\t\t\t\t<div class=\"elementor-element elementor-element-8e9813d elementor-widget elementor-widget-text-editor\" data-id=\"8e9813d\" data-element_type=\"widget\" data-widget_type=\"text-editor.default\">\n\t\t\t\t<div class=\"elementor-widget-container\">\n\t\t\t\t\t\t\t\t\t\t\t\t\t<\/div>\n\t\t\t\t<\/div>\n\t\t\t\t<div class=\"elementor-element elementor-element-9ee0afa elementor-widget elementor-widget-image\" data-id=\"9ee0afa\" data-element_type=\"widget\" data-widget_type=\"image.default\">\n\t\t\t\t<div class=\"elementor-widget-container\">\n\t\t\t\t\t\t\t\t\t\t\t\t\t\t\t<img loading=\"lazy\" decoding=\"async\" width=\"1920\" height=\"800\" src=\"https:\/\/rgi-gmbh.de\/wp-content\/uploads\/2022\/06\/sign_transparent.png\" class=\"attachment-full size-full wp-image-1299\" alt=\"\" srcset=\"https:\/\/rgi-gmbh.de\/wp-content\/uploads\/2022\/06\/sign_transparent.png 1920w, https:\/\/rgi-gmbh.de\/wp-content\/uploads\/2022\/06\/sign_transparent-300x125.png 300w, https:\/\/rgi-gmbh.de\/wp-content\/uploads\/2022\/06\/sign_transparent-1024x427.png 1024w, https:\/\/rgi-gmbh.de\/wp-content\/uploads\/2022\/06\/sign_transparent-768x320.png 768w, https:\/\/rgi-gmbh.de\/wp-content\/uploads\/2022\/06\/sign_transparent-1536x640.png 1536w, https:\/\/rgi-gmbh.de\/wp-content\/uploads\/2022\/06\/sign_transparent-18x8.png 18w, https:\/\/rgi-gmbh.de\/wp-content\/uploads\/2022\/06\/sign_transparent-1232x513.png 1232w\" sizes=\"auto, (max-width: 1920px) 100vw, 1920px\" \/>\t\t\t\t\t\t\t\t\t\t\t\t\t\t\t<\/div>\n\t\t\t\t<\/div>\n\t\t\t\t\t<\/div>\n\t\t<\/div>\n\t\t\t\t\t\t\t<\/div>\n\t\t<\/section>\n\t\t\t\t<section class=\"elementor-section elementor-top-section elementor-element elementor-element-b72f537 elementor-section-boxed elementor-section-height-default elementor-section-height-default\" data-id=\"b72f537\" data-element_type=\"section\">\n\t\t\t\t\t\t<div class=\"elementor-container elementor-column-gap-default\">\n\t\t\t\t\t<div class=\"elementor-column elementor-col-100 elementor-top-column elementor-element elementor-element-8e1b3ae\" data-id=\"8e1b3ae\" data-element_type=\"column\">\n\t\t\t<div class=\"elementor-widget-wrap elementor-element-populated\">\n\t\t\t\t\t\t\t\t<div class=\"elementor-element elementor-element-ee477fa elementor-widget elementor-widget-text-editor\" data-id=\"ee477fa\" data-element_type=\"widget\" data-widget_type=\"text-editor.default\">\n\t\t\t\t<div class=\"elementor-widget-container\">\n\t\t\t\t\t\t\t<h6><span style=\"color: #000000;font-size: 18pt\">These are our Attributes. The RGI RealGround GRUPPE is characterized by its competent and fair conduct of negotiations with business partners.\u00a0<\/span><\/h6><p><span style=\"color: #000000;font-size: 18pt\"><span style=\"font-family: var( --e-global-typography-text-font-family ), Sans-serif\">Reliability in complying with agreements with all contractual partners plays a decisive role here. Moreover the basis of long-term successful and consistent business activity is related, among other things, to professional competence.\u00a0<\/span><span style=\"font-family: var( --e-global-typography-text-font-family ), Sans-serif\">Today, in addition to the necessary technical theory, fast and flexible solution approaches are required in business implementation.\u00a0<\/span><span style=\"font-family: var( --e-global-typography-text-font-family ), Sans-serif\">For high customer satisfaction, we place great emphasis on our core competencies, reliability, speed and flexibility.\u00a0<\/span><span style=\"font-family: var( --e-global-typography-text-font-family ), Sans-serif\">Furthermore, we focus on lasting successful customer relationships.<\/span><\/span><\/p><p><span style=\"color: #000000;font-size: 18pt\"><span style=\"font-family: var( --e-global-typography-text-font-family ), Sans-serif\">\u00a0<\/span><\/span><\/p><p><img loading=\"lazy\" decoding=\"async\" class=\"wp-image-1300 alignleft\" src=\"http:\/\/rgi-gmbh.de\/wp-content\/uploads\/2022\/06\/Handshake-300x171.png\" alt=\"\" width=\"512\" height=\"292\" srcset=\"https:\/\/rgi-gmbh.de\/wp-content\/uploads\/2022\/06\/Handshake-300x171.png 300w, https:\/\/rgi-gmbh.de\/wp-content\/uploads\/2022\/06\/Handshake-18x10.png 18w, https:\/\/rgi-gmbh.de\/wp-content\/uploads\/2022\/06\/Handshake.png 700w\" sizes=\"auto, (max-width: 512px) 100vw, 512px\" \/><\/p><p><span style=\"color: #000000;font-size: 18pt\">We regard any difficulties or problems as challenges to be solved.\u00a0<span style=\"font-family: var( --e-global-typography-text-font-family ), Sans-serif\">Taking a bold approach to challenges that seem difficult and solving the problem afterwards can add value to the process itself.\u00a0<\/span><span style=\"font-family: var( --e-global-typography-text-font-family ), Sans-serif\">Our corporate philosophy is based on achieving a win-win situation wherever possible situation which favours all parties involved. We gladly like to share our success with our business partners as well as our customers.<\/span><\/span><\/p><p>\u00a0<\/p>\t\t\t\t\t\t<\/div>\n\t\t\t\t<\/div>\n\t\t\t\t\t<\/div>\n\t\t<\/div>\n\t\t\t\t\t\t\t<\/div>\n\t\t<\/section>\n\t\t\t\t\t\t\t<\/div>","protected":false},"excerpt":{"rendered":"<p>Das sind unsere Attribute. Die RGI RealGround GRUPPE unterscheidet sich von anderen auf dem Markt agierenden Unternehmen, durch ihre kompetente und faire Verhandlungsf\u00fchrung mit Gesch\u00e4ftspartnern.\u00a0 Dabei spielt die Verl\u00e4sslichkeit bei der Einhaltung von Absprachen mit s\u00e4mtlichen Vertragspartnern eine entscheidende Rolle. Die Grundlage einer langfristig erfolgreichen und\u00a0 best\u00e4ndigen\u00a0Gesch\u00e4ftst\u00e4tigkeit h\u00e4ngt u.a. mit der Fachkompetenz zusammen. Neben der&nbsp;&hellip;<\/p>","protected":false},"author":1,"featured_media":159,"parent":0,"menu_order":0,"comment_status":"closed","ping_status":"closed","template":"","meta":{"footnotes":""},"class_list":["post-61","page","type-page","status-publish","has-post-thumbnail","hentry"],"_links":{"self":[{"href":"https:\/\/rgi-gmbh.de\/en\/wp-json\/wp\/v2\/pages\/61","targetHints":{"allow":["GET"]}}],"collection":[{"href":"https:\/\/rgi-gmbh.de\/en\/wp-json\/wp\/v2\/pages"}],"about":[{"href":"https:\/\/rgi-gmbh.de\/en\/wp-json\/wp\/v2\/types\/page"}],"author":[{"embeddable":true,"href":"https:\/\/rgi-gmbh.de\/en\/wp-json\/wp\/v2\/users\/1"}],"replies":[{"embeddable":true,"href":"https:\/\/rgi-gmbh.de\/en\/wp-json\/wp\/v2\/comments?post=61"}],"version-history":[{"count":13,"href":"https:\/\/rgi-gmbh.de\/en\/wp-json\/wp\/v2\/pages\/61\/revisions"}],"predecessor-version":[{"id":1638,"href":"https:\/\/rgi-gmbh.de\/en\/wp-json\/wp\/v2\/pages\/61\/revisions\/1638"}],"wp:featuredmedia":[{"embeddable":true,"href":"https:\/\/rgi-gmbh.de\/en\/wp-json\/wp\/v2\/media\/159"}],"wp:attachment":[{"href":"https:\/\/rgi-gmbh.de\/en\/wp-json\/wp\/v2\/media?parent=61"}],"curies":[{"name":"wp","href":"https:\/\/api.w.org\/{rel}","templated":true}]}}