{"id":320,"date":"2021-04-06T08:57:08","date_gmt":"2021-04-06T08:57:08","guid":{"rendered":"http:\/\/rgi-gmbh.de\/?page_id=320"},"modified":"2022-06-29T08:41:13","modified_gmt":"2022-06-29T06:41:13","slug":"home","status":"publish","type":"page","link":"https:\/\/rgi-gmbh.de\/en\/home\/","title":{"rendered":"Home"},"content":{"rendered":"<div data-elementor-type=\"wp-page\" data-elementor-id=\"320\" class=\"elementor elementor-320\">\n\t\t\t\t\t\t\t\t\t<section class=\"elementor-section elementor-top-section elementor-element elementor-element-79acfb7 elementor-section-boxed elementor-section-height-default elementor-section-height-default\" data-id=\"79acfb7\" data-element_type=\"section\">\n\t\t\t\t\t\t<div class=\"elementor-container elementor-column-gap-default\">\n\t\t\t\t\t<div class=\"elementor-column elementor-col-100 elementor-top-column elementor-element elementor-element-b080750\" data-id=\"b080750\" data-element_type=\"column\">\n\t\t\t<div class=\"elementor-widget-wrap elementor-element-populated\">\n\t\t\t\t\t\t\t\t<div class=\"elementor-element elementor-element-7a30996 elementor-arrows-position-inside elementor-widget elementor-widget-image-carousel\" data-id=\"7a30996\" data-element_type=\"widget\" data-settings=\"{&quot;navigation&quot;:&quot;arrows&quot;,&quot;autoplay&quot;:&quot;yes&quot;,&quot;pause_on_hover&quot;:&quot;yes&quot;,&quot;pause_on_interaction&quot;:&quot;yes&quot;,&quot;autoplay_speed&quot;:5000,&quot;infinite&quot;:&quot;yes&quot;,&quot;speed&quot;:500}\" data-widget_type=\"image-carousel.default\">\n\t\t\t\t<div class=\"elementor-widget-container\">\n\t\t\t\t\t<div class=\"elementor-image-carousel-wrapper swiper-container\" dir=\"ltr\">\n\t\t\t<div class=\"elementor-image-carousel swiper-wrapper\" aria-live=\"off\">\n\t\t\t\t\t\t\t\t<div class=\"swiper-slide\" role=\"group\" aria-roledescription=\"slide\" aria-label=\"1 of 1\"><figure class=\"swiper-slide-inner\"><img decoding=\"async\" class=\"swiper-slide-image\" src=\"https:\/\/rgi-gmbh.de\/wp-content\/uploads\/2022\/06\/Home_Raum-scaled-e1656484764600.jpeg\" alt=\"\" \/><\/figure><\/div>\t\t\t<\/div>\n\t\t\t\t\t<\/div>\n\t\t\t\t<\/div>\n\t\t\t\t<\/div>\n\t\t\t\t\t<\/div>\n\t\t<\/div>\n\t\t\t\t\t\t\t<\/div>\n\t\t<\/section>\n\t\t\t\t<section class=\"elementor-section elementor-top-section elementor-element elementor-element-de75e53 elementor-section-boxed elementor-section-height-default elementor-section-height-default\" data-id=\"de75e53\" data-element_type=\"section\">\n\t\t\t\t\t\t<div class=\"elementor-container elementor-column-gap-default\">\n\t\t\t\t\t<div class=\"elementor-column elementor-col-100 elementor-top-column elementor-element elementor-element-0679417\" data-id=\"0679417\" data-element_type=\"column\">\n\t\t\t<div class=\"elementor-widget-wrap elementor-element-populated\">\n\t\t\t\t\t\t\t\t<div class=\"elementor-element elementor-element-3b9031c elementor-widget elementor-widget-text-editor\" data-id=\"3b9031c\" data-element_type=\"widget\" data-widget_type=\"text-editor.default\">\n\t\t\t\t<div class=\"elementor-widget-container\">\n\t\t\t\t\t\t\t<h3><span style=\"color: #000000\">RGI RealGround Group<\/span><\/h3>\n<p><span style=\"color: #000000\">Unsere T\u00e4tigkeit konzentriert sich auf den Ankauf, Verkauf und Vermietung von Immobilien. Dabei besch\u00e4ftigen wir uns mit der Projektentwicklung, dem Neubau und der Sanierung sowie der Verwaltung von Immobilien. Dazu geh\u00f6ren insbesondere die Vermietung von m\u00f6blierten H\u00e4usern und Wohnungen im privaten wie gewerblichen Bereich, sowie die Vermittlung solcher Gesch\u00e4fte. RGI Immobilien GmbH legt gro\u00dfen Wert darauf, seine Kunden und Gesch\u00e4ftspartner professionell und fachkundig zu beraten und zu begleiten. Wir sind an dem Ankauf von Grundst\u00fccken und Eigentumswohnungen in ganz Berlin und n\u00e4herem Umland interessiert. Wir unterbreiten Ihnen kurzfristig verbindliche Kaufangebote.<\/span><\/p>\t\t\t\t\t\t<\/div>\n\t\t\t\t<\/div>\n\t\t\t\t\t<\/div>\n\t\t<\/div>\n\t\t\t\t\t\t\t<\/div>\n\t\t<\/section>\n\t\t\t\t\t\t\t<\/div>","protected":false},"excerpt":{"rendered":"<p>\u00a9ArchiViz RGI RealGround Gruppe Unsere T\u00e4tigkeit konzentriert sich auf den Ankauf, Verkauf und Vermietung von Immobilien. Dabei besch\u00e4ftigen wir uns mit der Projektentwicklung, dem Neubau und der Sanierung sowie der Verwaltung von Immobilien. Dazu geh\u00f6ren insbesondere die Vermietung von m\u00f6blierten H\u00e4usern und Wohnungen im privaten wie gewerblichen Bereich, sowie die Vermittlung solcher Gesch\u00e4fte. RGI Immobilien&nbsp;&hellip;<\/p>","protected":false},"author":1,"featured_media":0,"parent":0,"menu_order":0,"comment_status":"closed","ping_status":"closed","template":"","meta":{"footnotes":""},"class_list":["post-320","page","type-page","status-publish","hentry"],"_links":{"self":[{"href":"https:\/\/rgi-gmbh.de\/en\/wp-json\/wp\/v2\/pages\/320","targetHints":{"allow":["GET"]}}],"collection":[{"href":"https:\/\/rgi-gmbh.de\/en\/wp-json\/wp\/v2\/pages"}],"about":[{"href":"https:\/\/rgi-gmbh.de\/en\/wp-json\/wp\/v2\/types\/page"}],"author":[{"embeddable":true,"href":"https:\/\/rgi-gmbh.de\/en\/wp-json\/wp\/v2\/users\/1"}],"replies":[{"embeddable":true,"href":"https:\/\/rgi-gmbh.de\/en\/wp-json\/wp\/v2\/comments?post=320"}],"version-history":[{"count":5,"href":"https:\/\/rgi-gmbh.de\/en\/wp-json\/wp\/v2\/pages\/320\/revisions"}],"predecessor-version":[{"id":1324,"href":"https:\/\/rgi-gmbh.de\/en\/wp-json\/wp\/v2\/pages\/320\/revisions\/1324"}],"wp:attachment":[{"href":"https:\/\/rgi-gmbh.de\/en\/wp-json\/wp\/v2\/media?parent=320"}],"curies":[{"name":"wp","href":"https:\/\/api.w.org\/{rel}","templated":true}]}}