{"id":16,"date":"2021-01-02T11:45:38","date_gmt":"2021-01-02T11:45:38","guid":{"rendered":"http:\/\/rgi-gmbh.de\/?page_id=16"},"modified":"2022-07-19T09:01:08","modified_gmt":"2022-07-19T07:01:08","slug":"ankauf-mehrfamilienhaeuser-berlin-brandenburg","status":"publish","type":"page","link":"https:\/\/rgi-gmbh.de\/en\/ankauf-mehrfamilienhaeuser-berlin-brandenburg\/","title":{"rendered":"Acquisition Profile for Residentials Houses in Berlin and Brandenburg"},"content":{"rendered":"<p><strong>Acquisition Profile for Residentials Buildings in Berlin and Brandenburg<\/strong><\/p>\n<p class=\"translation-block\">RGI RealGround Wohnungsgesellschaft mbH is part of the RGI RealGround Group and is based in\nBerlin-Tiergarten. To expand our own portfolio, we are constantly looking for properties to purchase\nourselves. For 2021, further real estate purchases are planned.<\/p>\n<p>We are looking for residential buildings to acquire in Berlin and Brandenburg. We buyvacant as\nwell as rented residential buildings with a need for renovation and a development potential. The\nrenovation process will be directed in cooperation with our partners, the construction company IF\nBerlin Bau GmbH and the planning office DesignPlan Berlin.<\/p>\n<p><strong>Real Estate Profile:<\/strong><\/p>\n<ul>\n<li>all locations in Berlin<\/li>\n<li>directly surrounding areas in Brandenburg (20km Radius)<\/li>\n<li>Multifamily buildings, which are renovated or are in need for renovation<\/li>\n<li>Rented or vacant<\/li>\n<li>preferably with further development potential such as the option to expand the attic and further building potential on the property<\/li>\n<\/ul>\n<p><strong>Price Profile:<\/strong><\/p>\n<ul>\n<li>Up to 5 Million EUR<\/li>\n<\/ul>\n<p><strong>Contact:<\/strong><\/p>\n<p>Please send your detailed offers for the property by email to:<br \/>\ninfo@rgi-gmbh.de<\/p>\n<p class=\"translation-block\">You are welcome to call Mr. C. G\u00fcltepe by telephone as well as mobile.\nTel.: 03049918499\nMobile: 01702176176<\/p>\n<p><strong>Completion Process:<\/strong><\/p>\n<p>We submit binding purchase offers to real estate owners at short notice and can guarantee a swift\nand serious completion process<\/p>\n<ul>\n<li>Discreet and short-term purchase of residential buildings throughout Berlin and the\nsurrounding area<\/li>\n<li>Guarantee of a short-term purchase transaction<\/li>\n<li>Assistance and problem solving for individual situations<\/li>\n<li>Tenant support, administration as well as renovation\/planning are done by our own\ncompany group<\/li>\n<li class=\"translation-block\">Difficult contractual situations (e.g. due to a loan agreement, land register, rental agreements\nwhen buying kfr. checked and solutions worked out)<\/li>\n<li>Binding purchase offers within 3 working days<\/li>\n<\/ul>\n<p><strong>Download:<\/strong><\/p>\n<p><a href=\"http:\/\/rgi-gmbh.de\/wp-content\/uploads\/2021\/07\/Ankaufsprofil-Mehrfamilienhaeuser-2021.pdf\" target=\"_blank\" rel=\"noopener\">Acquisition Profile for Residentials Buildings in Berlin and Brandenburg<\/a><\/p>\n<p><a href=\"http:\/\/rgi-gmbh.de\/wp-content\/uploads\/2022\/07\/Acquisition-Profile-for-Residential-Buildings-in-Berlin-and-Brandenburg.pdf\">Acquisition Profile for Residential Buildings in Berlin and Brandenburg<\/a><\/p>","protected":false},"excerpt":{"rendered":"<p>Ankaufsprofil Mehrfamilienh\u00e4user Die RGI RealGround Wohnungsgesellschaft mbH ist Teil der RGI RealGround Gruppe mit Sitz in Berlin-Tiergarten. Zur Erweiterung unseres Eigenbestandes suchen wir st\u00e4ndig nach Immobilien zum Selbstankauf. F\u00fcr das Jahr 2021 sind weitere Immobilienank\u00e4ufe geplant. Wir suchen Mehrfamilienh\u00e4user in Berlin und Brandenburg zum Selbstankauf. Wir kaufen freie sowie vermietete Mehrfamilienh\u00e4user mit Sanierungsbedarf und Entwicklungspotential.&nbsp;&hellip;<\/p>","protected":false},"author":1,"featured_media":0,"parent":0,"menu_order":0,"comment_status":"closed","ping_status":"closed","template":"","meta":{"footnotes":""},"class_list":["post-16","page","type-page","status-publish","hentry"],"_links":{"self":[{"href":"https:\/\/rgi-gmbh.de\/en\/wp-json\/wp\/v2\/pages\/16","targetHints":{"allow":["GET"]}}],"collection":[{"href":"https:\/\/rgi-gmbh.de\/en\/wp-json\/wp\/v2\/pages"}],"about":[{"href":"https:\/\/rgi-gmbh.de\/en\/wp-json\/wp\/v2\/types\/page"}],"author":[{"embeddable":true,"href":"https:\/\/rgi-gmbh.de\/en\/wp-json\/wp\/v2\/users\/1"}],"replies":[{"embeddable":true,"href":"https:\/\/rgi-gmbh.de\/en\/wp-json\/wp\/v2\/comments?post=16"}],"version-history":[{"count":5,"href":"https:\/\/rgi-gmbh.de\/en\/wp-json\/wp\/v2\/pages\/16\/revisions"}],"predecessor-version":[{"id":1498,"href":"https:\/\/rgi-gmbh.de\/en\/wp-json\/wp\/v2\/pages\/16\/revisions\/1498"}],"wp:attachment":[{"href":"https:\/\/rgi-gmbh.de\/en\/wp-json\/wp\/v2\/media?parent=16"}],"curies":[{"name":"wp","href":"https:\/\/api.w.org\/{rel}","templated":true}]}}