{"id":14,"date":"2021-01-02T11:45:18","date_gmt":"2021-01-02T11:45:18","guid":{"rendered":"http:\/\/rgi-gmbh.de\/?page_id=14"},"modified":"2021-12-31T09:29:34","modified_gmt":"2021-12-31T09:29:34","slug":"ankauf-grundstuecke-berlin-brandenburg","status":"publish","type":"page","link":"https:\/\/rgi-gmbh.de\/en\/ankauf-grundstuecke-berlin-brandenburg\/","title":{"rendered":"Acquisition Profile for Land and Lots in Berlin and Brandenburg for Own Project Developments"},"content":{"rendered":"<div data-elementor-type=\"wp-page\" data-elementor-id=\"14\" class=\"elementor elementor-14\">\n\t\t\t\t\t\t\t\t\t<section class=\"elementor-section elementor-top-section elementor-element elementor-element-3e240836 elementor-section-boxed elementor-section-height-default elementor-section-height-default\" data-id=\"3e240836\" data-element_type=\"section\">\n\t\t\t\t\t\t<div class=\"elementor-container elementor-column-gap-default\">\n\t\t\t\t\t<div class=\"elementor-column elementor-col-100 elementor-top-column elementor-element elementor-element-3149ed44\" data-id=\"3149ed44\" data-element_type=\"column\">\n\t\t\t<div class=\"elementor-widget-wrap elementor-element-populated\">\n\t\t\t\t\t\t\t\t<div class=\"elementor-element elementor-element-5dc3eba5 elementor-widget elementor-widget-text-editor\" data-id=\"5dc3eba5\" data-element_type=\"widget\" data-widget_type=\"text-editor.default\">\n\t\t\t\t<div class=\"elementor-widget-container\">\n\t\t\t\t\t\t\t<p><strong>Acquisition Profile for Land and Lots<\/strong><\/p><p>RGI RealGround Wohnungsgesellschaft mbH is part of the RGI RealGround Group and is based in\nBerlin-Tiergarten. To expand our own portfolio, we are constantly looking for properties to purchase\nourselves. For 2021, further real estate purchases are planned.<br \/>.<br \/>standing nach Immobilien zum Eigenankauf. F\u00fcr 2021 sind weitere<br \/>.<\/p><p>\u00a0<\/p><p>Real Estate Type:<br \/>Wir suchen Grundst\u00fccke f\u00fcr den Wohnungsbau zum Selbstankauf. Wir kaufen Bauland<br \/>und Bauerwartungsland sowie Gewerbegrundst\u00fccke bzw. Gewerbefl\u00e4chen, um diese \u00fcber<br \/>das Planungsb\u00fcro der eigenen Gruppe zu entwickeln. Die Projektentwicklung erfolgt \u00fcber<br \/>die Firma RGI RealGround Projektentwicklung GmbH in Zusammenarbeit mit dem<br \/>Planungsb\u00fcro der Unternehmensgruppe DesignPlan.<\/p><p>Real Estate Profile:<br \/>\u2022 Grundst\u00fccksfl\u00e4chen ab 1000 m\u00b2<br \/>\u2022 unbebaute oder bebaute Grundst\u00fccke f\u00fcr die Bebauung mit Mehrfamilienh\u00e4usern,<br \/>town villas, semi-detached houses, terraced houses and single-family houses<\/p><p>Location profile:<br \/>\u2022 alle Lagen in Berlin<br \/>\u2022 direkte anliegendes Umland (Umkreis bis 20 km)<\/p><p>Price Profile:<br \/>ab 0,5 Mio. bis 3 Mio.<\/p><p>Contact:<br \/>Please send your detailed offers for the property by email to:<br \/>info@rgi-gmbh.de<\/p><p>Gerne steht Ihnen Hr. C. G\u00fcltepe auch telefonisch unter 03049918499 sowie mobil unter<br \/>01702176176 f\u00fcr weitere Abstimmungen zur Verf\u00fcgung.<\/p><p>Completion Process:\nWe submit binding purchase offers to real estate owners at short notice and can guarantee a swift\nand serious completion process.<\/p><p>\u2022 Diskreter u. kurzfristiger Ankauf von Grundst\u00fccken in ganz Berlin und Umland<br \/>\u2022 Gew\u00e4hrleistung einer kurzfristigen Kaufabwicklung unter Einsatz von Eigenmitteln<br \/>\u2022 Hilfestellung und Probleml\u00f6sung je nach individueller Objektsituation<br \/>\u2022 Verbindliche Kaufangebote innerhalb von 3 Werktagen<\/p>\t\t\t\t\t\t<\/div>\n\t\t\t\t<\/div>\n\t\t\t\t\t<\/div>\n\t\t<\/div>\n\t\t\t\t\t\t\t<\/div>\n\t\t<\/section>\n\t\t\t\t\t\t\t<\/div>","protected":false},"excerpt":{"rendered":"<p>Ankaufsprofil Grundst\u00fccksankauf Die RGI RealGround Wohnungsgesellschaft mbH ist Teil der RGI RealGround Gruppe mit Sitz in Berlin-Tiergarten. Zur Erweiterung unseres Eigenbestandes suchen wir st\u00e4ndig nach Immobilien zum Eigenankauf. F\u00fcr 2021 sind weitere Immobilieninvestitionen geplant. Objektart: Wir suchen Grundst\u00fccke f\u00fcr den Wohnungsbau zum Selbstankauf. Wir kaufen Bauland und Bauerwartungsland sowie Gewerbegrundst\u00fccke bzw. Gewerbefl\u00e4chen, um diese \u00fcber&nbsp;&hellip;<\/p>","protected":false},"author":1,"featured_media":0,"parent":0,"menu_order":0,"comment_status":"closed","ping_status":"closed","template":"","meta":{"footnotes":""},"class_list":["post-14","page","type-page","status-publish","hentry"],"_links":{"self":[{"href":"https:\/\/rgi-gmbh.de\/en\/wp-json\/wp\/v2\/pages\/14","targetHints":{"allow":["GET"]}}],"collection":[{"href":"https:\/\/rgi-gmbh.de\/en\/wp-json\/wp\/v2\/pages"}],"about":[{"href":"https:\/\/rgi-gmbh.de\/en\/wp-json\/wp\/v2\/types\/page"}],"author":[{"embeddable":true,"href":"https:\/\/rgi-gmbh.de\/en\/wp-json\/wp\/v2\/users\/1"}],"replies":[{"embeddable":true,"href":"https:\/\/rgi-gmbh.de\/en\/wp-json\/wp\/v2\/comments?post=14"}],"version-history":[{"count":5,"href":"https:\/\/rgi-gmbh.de\/en\/wp-json\/wp\/v2\/pages\/14\/revisions"}],"predecessor-version":[{"id":1231,"href":"https:\/\/rgi-gmbh.de\/en\/wp-json\/wp\/v2\/pages\/14\/revisions\/1231"}],"wp:attachment":[{"href":"https:\/\/rgi-gmbh.de\/en\/wp-json\/wp\/v2\/media?parent=14"}],"curies":[{"name":"wp","href":"https:\/\/api.w.org\/{rel}","templated":true}]}}