{"id":12,"date":"2021-01-02T11:45:01","date_gmt":"2021-01-02T11:45:01","guid":{"rendered":"http:\/\/rgi-gmbh.de\/?page_id=12"},"modified":"2022-07-18T19:17:04","modified_gmt":"2022-07-18T17:17:04","slug":"ankauf-wohnungen-berlin-brandenburg","status":"publish","type":"page","link":"https:\/\/rgi-gmbh.de\/en\/ankauf-wohnungen-berlin-brandenburg\/","title":{"rendered":"Acquisition Profile for Apartments in Berlin and Brandenburg"},"content":{"rendered":"<p><strong>Acquisition Profile for Apartments and Apartment Packages<\/strong><\/p>\n<p>RGI RealGround Wohnungsgesellschaft mbH is part of the RGI RealGround Group and is based in<br \/>\nBerlin-Tiergarten. To expand our own portfolio, we are constantly looking for properties to purchase<br \/>\nourselves. For 2021, further real estate purchases are planned.<\/p>\n<p><strong>Real Estate Type:<\/strong><\/p>\n<p class=\"translation-block\">We are looking for apartments and apartment packages to expand our portfolio. We buy\napartments in order to renovate them in cooperation with the construction company of our\ncompany group. The renovation process is carried out by, among others, the construction\ncompany IF Berlin Bau GmbH in cooperation with the planning office of our company\ngroup.<\/p>\n<p><strong>Real Estate Profile:<\/strong><\/p>\n<ul>\n<li>preferably individual apartments; but also residential\/apartment packages up to 500\nm\u00b2<\/li>\n<li>rented and vacant apartments<\/li>\n<li>renovated or not renovated apartments<\/li>\n<li>we especially buy condominiums with difficult tenancy agreements<\/li>\n<\/ul>\n<p><strong>Location profile:<\/strong><\/p>\n<ul>\n<li>all locations in Berlin<\/li>\n<li>directly surrounding areas (10km radius)<\/li>\n<\/ul>\n<p><strong>Price Profile:<\/strong><\/p>\n<p>Up to 5 Million EUR<\/p>\n<p><strong>Contact:<\/strong><\/p>\n<p class=\"translation-block\">Please send us your offers by e-mail to: info@rgi-gmbh.de\n\nYou are welcome to call Mr. C. G\u00fcltepe by telephone as well as mobile.\n\nTel.: 03049918499\nMobile: 01702176176<\/p>\n<p><strong>Completion Process:<\/strong><\/p>\n<p>We submit binding purchase offers to real estate owners at short notice and can guarantee a swift\nand serious completion process.<\/p>\n<ul>\n<li>Discreet and short-term purchase of condominiums and apartment packages throughout<br \/>\nBerlin and the surrounding area<\/li>\n<li>Guarantee of a short-term purchase transaction<\/li>\n<li>Assistance and problem solving for individual situations<\/li>\n<li>Tenant support, administration as well as renovation\/planning are done by our own\ncompany group<\/li>\n<li>Difficult contractual situations (e.g., due to credit agreement, land register, lease contracts)\nwill be checked and if necessary solved)<\/li>\n<li>Binding purchase offers within 3 working days<\/li>\n<\/ul>\n<p>&nbsp;<\/p>\n<p><strong>Download:<\/strong><\/p>\n<p><a href=\"http:\/\/rgi-gmbh.de\/wp-content\/uploads\/2021\/07\/Ankaufsprofil-Eigentumswohnungen_Rgi_GmbH2021-1.pdf\" target=\"_blank\" rel=\"noopener\">Ankaufsprofil Eigentumswohnungen<\/a><\/p>\n<p><a href=\"http:\/\/rgi-gmbh.de\/wp-content\/uploads\/2022\/07\/Acquisition-Profile-for-Apartments-and-Apartment-Packages.pdf\">Acquisition Profile for Apartments and Apartment Packages<\/a><\/p>","protected":false},"excerpt":{"rendered":"<p>Ankaufsprofil Eigentumswohnungen u. Wohnungs-Pakete Die RGI RealGround Wohnungsgesellschaft mbh ist Teil der RGI RealGround Gruppe mit Sitz in Berlin-Tiergarten. Zur Erweiterung unseres Eigenbestandes suchen wir st\u00e4ndig nach Eigentumswohnungen und Wohnungspaketen zum Eigenankauf. F\u00fcr 2021 sind weitere Ank\u00e4ufe geplant. Objektart: Wir suchen nach Eigentumswohnungen und Wohnungspaketen zum Selbstankauf. Wir kaufen Eigentumswohnungen, um diese bei Bezugsfreiheit \u00fcber&nbsp;&hellip;<\/p>","protected":false},"author":1,"featured_media":0,"parent":0,"menu_order":0,"comment_status":"closed","ping_status":"closed","template":"","meta":{"footnotes":""},"class_list":["post-12","page","type-page","status-publish","hentry"],"_links":{"self":[{"href":"https:\/\/rgi-gmbh.de\/en\/wp-json\/wp\/v2\/pages\/12","targetHints":{"allow":["GET"]}}],"collection":[{"href":"https:\/\/rgi-gmbh.de\/en\/wp-json\/wp\/v2\/pages"}],"about":[{"href":"https:\/\/rgi-gmbh.de\/en\/wp-json\/wp\/v2\/types\/page"}],"author":[{"embeddable":true,"href":"https:\/\/rgi-gmbh.de\/en\/wp-json\/wp\/v2\/users\/1"}],"replies":[{"embeddable":true,"href":"https:\/\/rgi-gmbh.de\/en\/wp-json\/wp\/v2\/comments?post=12"}],"version-history":[{"count":5,"href":"https:\/\/rgi-gmbh.de\/en\/wp-json\/wp\/v2\/pages\/12\/revisions"}],"predecessor-version":[{"id":1494,"href":"https:\/\/rgi-gmbh.de\/en\/wp-json\/wp\/v2\/pages\/12\/revisions\/1494"}],"wp:attachment":[{"href":"https:\/\/rgi-gmbh.de\/en\/wp-json\/wp\/v2\/media?parent=12"}],"curies":[{"name":"wp","href":"https:\/\/api.w.org\/{rel}","templated":true}]}}