{"id":107,"date":"2021-01-08T15:27:03","date_gmt":"2021-01-08T15:27:03","guid":{"rendered":"http:\/\/rgi-gmbh.de\/?page_id=107"},"modified":"2022-06-29T11:11:12","modified_gmt":"2022-06-29T09:11:12","slug":"planungsgesellschaft-baugesellschaft-u-immobiliengesellschaft-hand-in-hand","status":"publish","type":"page","link":"https:\/\/rgi-gmbh.de\/en\/planungsgesellschaft-baugesellschaft-u-immobiliengesellschaft-hand-in-hand\/","title":{"rendered":"Planning, construction company and Real Estate companies hand in hand"},"content":{"rendered":"<p>The Real Ground Immobilien Group works together with IF Berlin Bau GmbH and the planning office DesignPlan.<\/p>\n<p>In addition to the usual activities in the real estate sector such as project development, purchase and sale, renovation and management, the company also provides construction services (including turnkey construction) and planning services such as design and approval planning, execution and fire protection planning, as well as more extensive services such as the preparation of a complete statics analysis of the property.<\/p>\n<p>In the context of this wide range of services, the just named companies work hand in hand within the framework of an office partnership.One of many advantages coming with this situation is, that due to short and direct arrangements as well as coordination, a quick and competent service performance is guaranteed.<\/p>\n\n\t\t<style type=\"text\/css\">\n\t\t\t#gallery-1 {\n\t\t\t\tmargin: auto;\n\t\t\t}\n\t\t\t#gallery-1 .gallery-item {\n\t\t\t\tfloat: left;\n\t\t\t\tmargin-top: 10px;\n\t\t\t\ttext-align: center;\n\t\t\t\twidth: 33%;\n\t\t\t}\n\t\t\t#gallery-1 img {\n\t\t\t\tborder: 2px solid #cfcfcf;\n\t\t\t}\n\t\t\t#gallery-1 .gallery-caption {\n\t\t\t\tmargin-left: 0;\n\t\t\t}\n\t\t\t\/* see gallery_shortcode() in wp-includes\/media.php *\/\n\t\t<\/style>\n\t\t<div id='gallery-1' class='gallery galleryid-107 gallery-columns-3 gallery-size-medium'><dl class='gallery-item'>\n\t\t\t<dt class='gallery-icon landscape'>\n\t\t\t\t<img loading=\"lazy\" decoding=\"async\" width=\"300\" height=\"225\" src=\"https:\/\/rgi-gmbh.de\/wp-content\/uploads\/2021\/04\/Referenzen2-300x225.jpg\" class=\"attachment-medium size-medium\" alt=\"\" aria-describedby=\"gallery-1-649\" srcset=\"https:\/\/rgi-gmbh.de\/wp-content\/uploads\/2021\/04\/Referenzen2-300x225.jpg 300w, https:\/\/rgi-gmbh.de\/wp-content\/uploads\/2021\/04\/Referenzen2-768x576.jpg 768w, https:\/\/rgi-gmbh.de\/wp-content\/uploads\/2021\/04\/Referenzen2.jpg 800w\" sizes=\"auto, (max-width: 300px) 100vw, 300px\" \/>\n\t\t\t<\/dt>\n\t\t\t\t<dd class='wp-caption-text gallery-caption' id='gallery-1-649'>\n\t\t\t\t\u00a9 hanohiki\n\t\t\t\t<\/dd><\/dl><dl class='gallery-item'>\n\t\t\t<dt class='gallery-icon landscape'>\n\t\t\t\t<img loading=\"lazy\" decoding=\"async\" width=\"300\" height=\"225\" src=\"https:\/\/rgi-gmbh.de\/wp-content\/uploads\/2021\/04\/geschaeftsbereiche6-300x225.jpg\" class=\"attachment-medium size-medium\" alt=\"\" aria-describedby=\"gallery-1-638\" srcset=\"https:\/\/rgi-gmbh.de\/wp-content\/uploads\/2021\/04\/geschaeftsbereiche6-300x225.jpg 300w, https:\/\/rgi-gmbh.de\/wp-content\/uploads\/2021\/04\/geschaeftsbereiche6-768x576.jpg 768w, https:\/\/rgi-gmbh.de\/wp-content\/uploads\/2021\/04\/geschaeftsbereiche6.jpg 800w\" sizes=\"auto, (max-width: 300px) 100vw, 300px\" \/>\n\t\t\t<\/dt>\n\t\t\t\t<dd class='wp-caption-text gallery-caption' id='gallery-1-638'>\n\t\t\t\t\u00a9 Lichtwolke99\n\t\t\t\t<\/dd><\/dl><dl class='gallery-item'>\n\t\t\t<dt class='gallery-icon landscape'>\n\t\t\t\t<img loading=\"lazy\" decoding=\"async\" width=\"300\" height=\"225\" src=\"https:\/\/rgi-gmbh.de\/wp-content\/uploads\/2022\/06\/SatyaPrem-Kopie-300x225.jpg\" class=\"attachment-medium size-medium\" alt=\"\" aria-describedby=\"gallery-1-1308\" srcset=\"https:\/\/rgi-gmbh.de\/wp-content\/uploads\/2022\/06\/SatyaPrem-Kopie-300x225.jpg 300w, https:\/\/rgi-gmbh.de\/wp-content\/uploads\/2022\/06\/SatyaPrem-Kopie-768x576.jpg 768w, https:\/\/rgi-gmbh.de\/wp-content\/uploads\/2022\/06\/SatyaPrem-Kopie-16x12.jpg 16w, https:\/\/rgi-gmbh.de\/wp-content\/uploads\/2022\/06\/SatyaPrem-Kopie.jpg 800w\" sizes=\"auto, (max-width: 300px) 100vw, 300px\" \/>\n\t\t\t<\/dt>\n\t\t\t\t<dd class='wp-caption-text gallery-caption' id='gallery-1-1308'>\n\t\t\t\t\u00a9 CsabaNagy\n\t\t\t\t<\/dd><\/dl><br style=\"clear: both\" \/>\n\t\t<\/div>","protected":false},"excerpt":{"rendered":"<p>Die Real Ground Immobilien Gruppe arbeitet im Verbund mit der Baugesellschaft sowie dem Planungsb\u00fcro DesignPlan zusammen. Neben den \u00fcblichen T\u00e4tigkeiten in der Immobilienbranche wie Projektentwicklung, An- und Verkauf, Sanierung und Verwaltung werden auch die Bauausf\u00fchrung (u.a. auch die schl\u00fcsselfertige Erstellung) und Planungsleistungen wie Entwurfs- und Genehmigungsplanung, Ausf\u00fchrungs- und Brandschutzplanung sowie weitergehende Leistungen wie die Erstellung&nbsp;&hellip;<\/p>","protected":false},"author":1,"featured_media":0,"parent":0,"menu_order":0,"comment_status":"closed","ping_status":"closed","template":"","meta":{"footnotes":""},"class_list":["post-107","page","type-page","status-publish","hentry"],"_links":{"self":[{"href":"https:\/\/rgi-gmbh.de\/en\/wp-json\/wp\/v2\/pages\/107","targetHints":{"allow":["GET"]}}],"collection":[{"href":"https:\/\/rgi-gmbh.de\/en\/wp-json\/wp\/v2\/pages"}],"about":[{"href":"https:\/\/rgi-gmbh.de\/en\/wp-json\/wp\/v2\/types\/page"}],"author":[{"embeddable":true,"href":"https:\/\/rgi-gmbh.de\/en\/wp-json\/wp\/v2\/users\/1"}],"replies":[{"embeddable":true,"href":"https:\/\/rgi-gmbh.de\/en\/wp-json\/wp\/v2\/comments?post=107"}],"version-history":[{"count":5,"href":"https:\/\/rgi-gmbh.de\/en\/wp-json\/wp\/v2\/pages\/107\/revisions"}],"predecessor-version":[{"id":1336,"href":"https:\/\/rgi-gmbh.de\/en\/wp-json\/wp\/v2\/pages\/107\/revisions\/1336"}],"wp:attachment":[{"href":"https:\/\/rgi-gmbh.de\/en\/wp-json\/wp\/v2\/media?parent=107"}],"curies":[{"name":"wp","href":"https:\/\/api.w.org\/{rel}","templated":true}]}}